{"id":1567,"date":"2021-03-04T18:33:49","date_gmt":"2021-03-04T18:33:49","guid":{"rendered":"https:\/\/brightinventors.org\/termes-et-conditions\/"},"modified":"2021-04-03T15:32:09","modified_gmt":"2021-04-03T15:32:09","slug":"termes-et-conditions","status":"publish","type":"page","link":"https:\/\/www.brightinventors.org\/fr\/termes-et-conditions\/","title":{"rendered":"Termes et Conditions"},"content":{"rendered":"\n<p>Bienvenue \u00e0 Bright Inventors!<\/p>\n\n\n\n<p>Ces conditions g\u00e9n\u00e9rales d\u00e9crivent les r\u00e8gles et r\u00e9glementations relatives \u00e0 l'utilisation du site Web de Bright Inventors, situ\u00e9 \u00e0 l'adresse https:\/\/brightinventors.org.<\/p>\n\n\n\n<p>En acc\u00e9dant \u00e0 ce site Web, nous supposons que vous acceptez ces termes et conditions. Ne continuez pas \u00e0 utiliser Bright Inventors si vous n'acceptez pas toutes les conditions g\u00e9n\u00e9rales \u00e9nonc\u00e9es sur cette page.<\/p>\n\n\n\n<p>La terminologie suivante s'applique \u00e0 ces\nTermes et conditions, D\u00e9claration de confidentialit\u00e9 et avis de non-responsabilit\u00e9 et tous les accords: \"Client\", \"Vou\" et \"Votre\" d\u00e9signent \u00e0 vous, la personne connect\u00e9e sur ce site Web et conforme aux termes et conditions de la Soci\u00e9t\u00e9.\"L'entreprise\", \"nous-m\u00eames\", \"nous\", \"notre\" et 'nous' d\u00e9signent notre entreprise. 'Partie', 'Parties' ou \"Nous\" d\u00e9signe \u00e0 la fois le Client et nous-m\u00eames.Toutes les conditions font r\u00e9f\u00e9rence \u00e0 l'offre, \u00e0 l'acceptation et \u00e0 la prise en compte du paiement n\u00e9cessaire pour entreprendre le processus de notre assistance au client de la mani\u00e8re la plus appropri\u00e9e dans le but expr\u00e8s de rencontrer les besoins du Client en ce qui concerne la fourniture des services d\u00e9clar\u00e9s de la Soci\u00e9t\u00e9,conform\u00e9ment et sous r\u00e9serve de la loi en vigueur aux Pays-Bas. Toute utilisation de la terminologie ci-dessus ou d'autres mots au singulier, au pluriel, en majuscules et \/ ou il \/ elle ou eux, sont consid\u00e9r\u00e9s comme interchangeables et donc comme faisant r\u00e9f\u00e9rence \u00e0 ceux-ci.<\/p>\n\n\n\n<h3><strong>Cookies<\/strong><\/h3>\n\n\n\n<p>Nous utilisons des cookies. En acc\u00e9dant \u00e0 Bright Inventors, vous avez accept\u00e9 d'utiliser des cookies en accord avec la politique de confidentialit\u00e9 de Bright Inventors.<\/p>\n\n\n\n<p>La plupart des sites Web interactifs utilisent des cookies pour nous permettre de r\u00e9cup\u00e9rer les d\u00e9tails de l'utilisateur \u00e0 chaque visite. Les cookies sont utilis\u00e9s par notre site Web pour activer la fonctionnalit\u00e9 de certaines zones afin de faciliter la visite des personnes visitant notre site Web. Certains de nos affili\u00e9s \/ partenaires publicitaires peuvent \u00e9galement utiliser des cookies.<\/p>\n\n\n\n<h3><strong>Licence<\/strong><\/h3>\n\n\n\n<p>Sauf indication contraire, Bright Inventors et \/ ou ses conc\u00e9dants de licence d\u00e9tiennent les droits de propri\u00e9t\u00e9 intellectuelle pour tout le mat\u00e9riel sur Bright Inventors. Tous les droits de propri\u00e9t\u00e9 intellectuelle sont r\u00e9serv\u00e9s. Vous pouvez y acc\u00e9der \u00e0 partir de Bright Inventors pour votre usage personnel, sous r\u00e9serve des restrictions d\u00e9finies dans ces termes et conditions.<\/p>\n\n\n\n<p>Il ne faut pas:<\/p>\n\n\n\n<ul><li>Republier le mat\u00e9riel de Bright Inventors<\/li><li>Vendre, louer ou sous-licencier du mat\u00e9riel de Bright Inventors<\/li><li>Reproduire, dupliquer ou copier du mat\u00e9riel \u00e0 partir de Bright Inventors<\/li><li>Redistribuer le contenu de Bright Inventors<\/li><\/ul>\n\n\n\n<p>Le pr\u00e9sent accord commencera \u00e0 la date des pr\u00e9sentes.Nos conditions g\u00e9n\u00e9rales ont \u00e9t\u00e9 cr\u00e9\u00e9es \u00e0 l'aide du <a href=\"https:\/\/www.generateprivacypolicy.com\" target=\"_blank\" rel=\"noopener\">g\u00e9n\u00e9rateur de termes conditions<\/a> et du <a href=\"https:\/\/www.generateprivacypolicy.com\" target=\"_blank\" rel=\"noopener\">g\u00e9n\u00e9rateur de politique de confidentialit\u00e9<\/a>.<\/p>\n\n\n\n<p>Certaines parties de ce site Web offrent aux utilisateurs la possibilit\u00e9 de publier et d'\u00e9changer des opinions et des informations dans certaines zones du site Web. Bright Inventors ne filtre pas, ne modifie pas, ne publie pas et ne v\u00e9rifie pas les commentaires avant leur pr\u00e9sence sur le site Web. Les commentaires ne refl\u00e8tent pas les points de vue et les opinions de Bright Inventors, de ses agents et \/ ou affili\u00e9s. Les commentaires refl\u00e8tent les points de vue et les opinions de la personne qui publie ses points de vue et opinions. Dans la mesure permise par les lois applicables, Bright Inventors ne sera pas responsable des commentaires ou de toute responsabilit\u00e9, dommages ou d\u00e9penses caus\u00e9s et \/ ou subis \u00e0 la suite de toute utilisation et \/ ou publication et \/ ou apparence des commentaires sur ce site Web.<\/p>\n\n\n\n<p>Bright Inventors se r\u00e9serve le droit de surveiller tous les commentaires et de supprimer tout commentaire qui peut \u00eatre consid\u00e9r\u00e9 comme inappropri\u00e9, offensant ou qui entra\u00eene une violation des pr\u00e9sentes terms conditions .<\/p>\n\n\n\n<p>Vous garantissez et d\u00e9clarez que:<\/p>\n\n\n\n<ul><li>Vous avez le droit de publier les commentaires sur notre site Web et de disposer de toutes les licences et consentements n\u00e9cessaires pour le faire;<\/li><li>Les Commentaires n'envahissent aucun droit de propri\u00e9t\u00e9 intellectuelle, y compris, sans limitation, les droits d'auteur, brevets ou marques de commerce d'un tiers;<\/li><li>Les commentaires ne contiennent aucun mat\u00e9riel diffamatoire, calomnieux, offensant, ind\u00e9cent ou autrement ill\u00e9gal qui constitue une atteinte \u00e0 la vie priv\u00e9e<\/li><li>Les commentaires ne seront pas utilis\u00e9s pour solliciter ou promouvoir des activit\u00e9s commerciales ou personnalis\u00e9es ou pr\u00e9senter des activit\u00e9s commerciales ou des activit\u00e9s ill\u00e9gales.<\/li><\/ul>\n\n\n\n<p>Vous accordez par la pr\u00e9sente \u00e0 Bright Inventors une licence non exclusive pour utiliser, reproduire, modifier et autoriser d'autres personnes \u00e0 utiliser, reproduire et modifier l'un de vos commentaires sous tous les formulaires, formats ou m\u00e9dias.<\/p>\n\n\n\n<h3><strong>Hyperliens vers notre contenu<\/strong><\/h3>\n\n\n\n<p>Les organisations suivantes peuvent cr\u00e9er un lien vers notre site Web sans autorisation \u00e9crite pr\u00e9alable:<\/p>\n\n\n\n<ul><li>Organismes gouvernementaux;<\/li><li>Moteurs de recherche;<\/li><li>Organisations de presse;<\/li><li>Les distributeurs d'annuaires en ligne peuvent cr\u00e9er un lien vers notre site Web de la m\u00eame mani\u00e8re qu'ils cr\u00e9ent un lien hypertexte vers les sites Web d'autres entreprises cot\u00e9es; et<\/li><li>Entreprises accr\u00e9dit\u00e9es \u00e0 l'\u00e9chelle du syst\u00e8me, \u00e0 l'exception de la sollicitation d'organisations \u00e0 but non lucratif, de centres commerciaux caritatifs et de groupes de collecte de fonds caritatifs qui ne peuvent pas cr\u00e9er de lien hypertexte vers notre site Web.<\/li><\/ul>\n\n\n\n<p>Ces organisations peuvent cr\u00e9er un lien vers notre page d'accueil, vers des publications ou vers d'autres informations du site Web \u00e0 condition que le lien: (a) ne soit en aucun cas trompeur; (b) n'implique pas \u00e0 tort un parrainage, une approbation ou une approbation de la partie liante et de ses produits et \/ ou services; et (c) s'inscrit dans le contexte du site de la partie liante.<\/p>\n\n\n\n<p>Nous pouvons consid\u00e9rer et approuver d'autres demandes de lien provenant des types d'organisations suivants:<\/p>\n\n\n\n<ul><li>des sources d'informations bien connues sur les consommateurs et \/ ou les entreprises;<\/li><li>sites communautaires dot.com;<\/li><li>associations ou autres groupes repr\u00e9sentant des organismes de bienfaisance;<\/li><li>distributeurs d'annuaires en ligne;<\/li><li>portails Internet;<\/li><li>cabinets comptables, juridiques et de conseil; et<\/li><li>\u00e9tablissements d'enseignement et associations professionnelles.<\/li><\/ul>\n\n\n\n<p>Nous approuverons les demandes de lien de ces organisations si nous d\u00e9cidons que: (a) le lien ne nous ferait pas para\u00eetre d\u00e9favorable \u00e0 nous-m\u00eames ou \u00e0 nos entreprises accr\u00e9dit\u00e9es; (b) l'organisation n'a aucun dossier n\u00e9gatif avec nous; (c) l'avantage pour nous de la visibilit\u00e9 du lien hypertexte compense l'absence de Bright Inventors; et (d) le lien se situe dans le contexte d'informations g\u00e9n\u00e9rales sur les ressources.<\/p>\n\n\n\n<p>Ces organisations peuvent cr\u00e9er un lien vers notre page d'accueil tant que le lien: (a) n'est en aucun cas trompeur; (b) n'implique pas \u00e0 tort un parrainage, une approbation ou une approbation de la partie liante et de ses produits ou services; et (c) s'inscrit dans le contexte du site de la partie liante.<\/p>\n\n\n\n<p>Si vous \u00eates l'une des organisations \u00e9num\u00e9r\u00e9es au paragraphe 2 ci-dessus et que vous souhaitez cr\u00e9er un lien vers notre site Web, vous devez nous en informer en envoyant un e-mail \u00e0 Bright Inventors. Veuillez inclure votre nom, le nom de votre organisation, vos coordonn\u00e9es ainsi que l'URL de votre site, une liste de toutes les URL \u00e0 partir desquelles vous avez l'intention de cr\u00e9er un lien vers notre site Web et une liste des URL de notre site vers lesquelles vous souhaitez lien. Attendez 2 \u00e0 3 semaines pour une r\u00e9ponse.<\/p>\n\n\n\n<p>Les organisations approuv\u00e9es peuvent cr\u00e9er un lien hypertexte vers notre site Web comme suit:<\/p>\n\n\n\n<ul><li>En utilisant notre d\u00e9nomination sociale; ou<\/li><li>En utilisant le localisateur de ressources uniforme li\u00e9 \u00e0; ou<\/li><li>En utilisant toute autre description de notre site Web li\u00e9 \u00e0 qui a du sens dans le contexte et le format du contenu sur le site de la partie liante.<\/li><\/ul>\n\n\n\n<p>Aucune utilisation du logo de Bright Inventors ou de toute autre illustration ne sera autoris\u00e9e pour cr\u00e9er des liens en l'absence d'un accord de licence de marque.<\/p>\n\n\n\n<h3><strong>iFrames<\/strong><\/h3>\n\n\n\n<p>Sans approbation pr\u00e9alable et autorisation \u00e9crite, vous ne pouvez pas cr\u00e9er de cadres autour de nos pages Web qui modifient de quelque mani\u00e8re que ce soit la pr\u00e9sentation visuelle ou l'apparence de notre site Web.<\/p>\n\n\n\n<h3><strong>Responsabilit\u00e9 du contenu<\/strong><\/h3>\n\n\n\n<p>Nous ne serons pas tenus responsables de tout contenu qui appara\u00eet sur votre site Web. Vous acceptez de nous prot\u00e9ger et de nous d\u00e9fendre contre toutes les r\u00e9clamations qui s'\u00e9l\u00e8vent sur votre site Web. Aucun lien ne doit appara\u00eetre sur un site Web pouvant \u00eatre interpr\u00e9t\u00e9 comme diffamatoire, obsc\u00e8ne ou criminel, ou qui enfreint, viole ou pr\u00e9conise la violation ou toute autre violation des droits de tiers.<\/p>\n\n\n\n<h3><strong>Votre vie priv\u00e9e<\/strong><\/h3>\n\n\n\n<p>Veuillez lire la politique de confidentialit\u00e9<\/p>\n\n\n\n<h3><strong>R\u00e9servation de droits<\/strong><\/h3>\n\n\n\n<p>Nous nous r\u00e9servons le droit de vous demander de supprimer tous les liens ou tout lien particulier vers notre site Web. Vous acceptez de supprimer imm\u00e9diatement tous les liens vers notre site Web sur demande. Nous nous r\u00e9servons \u00e9galement le droit de modifier ces termes et conditions et sa politique de liaison \u00e0 tout moment. En vous connectant continuellement \u00e0 notre site Web, vous acceptez d'\u00eatre li\u00e9 et de suivre ces termes et conditions de liaison.<\/p>\n\n\n\n<h3><strong>Suppression des liens de notre site Web<\/strong><\/h3>\n\n\n\n<p>Si vous trouvez un lien sur notre site Web qui est offensant pour quelque raison que ce soit, vous \u00eates libre de nous contacter et de nous informer \u00e0 tout moment. Nous examinerons les demandes de suppression de liens, mais nous ne sommes pas oblig\u00e9s de le faire ou de vous r\u00e9pondre directement.<\/p>\n\n\n\n<p>Nous ne garantissons pas l'exactitude des informations sur ce site Web, nous ne garantissons pas son exhaustivit\u00e9 ou son exactitude; nous ne promettons pas non plus de garantir que le site Web reste disponible ou que le contenu du site Web est tenu \u00e0 jour.<\/p>\n\n\n\n<h3><strong>Avertissement<\/strong><\/h3>\n\n\n\n<p>Dans la mesure maximale permise par la loi applicable, nous excluons toutes les repr\u00e9sentations, garanties et conditions relatives \u00e0 notre site Web et \u00e0 l'utilisation de ce site Web. Rien dans cette clause de non-responsabilit\u00e9:<\/p>\n\n\n\n<ul><li>limiter ou exclure notre ou votre responsabilit\u00e9 en cas de d\u00e9c\u00e8s ou de blessures corporelles;<\/li><li>limiter ou exclure notre ou votre responsabilit\u00e9 en cas de fraude ou de fausse d\u00e9claration frauduleuse;<\/li><li>limiter l'une de nos ou vos responsabilit\u00e9s d'une mani\u00e8re qui n'est pas autoris\u00e9e par la loi applicable; ou<\/li><li>exclure l'une de nos ou vos responsabilit\u00e9s qui ne peuvent \u00eatre exclues en vertu de la loi applicable.<\/li><\/ul>\n\n\n\n<p>Les limitations et interdictions de responsabilit\u00e9 d\u00e9finies dans la pr\u00e9sente section et ailleurs dans cette clause de non-responsabilit\u00e9: (a) sont soumises au paragraphe pr\u00e9c\u00e9dent; et (b) r\u00e9gir toutes les responsabilit\u00e9s d\u00e9coulant de la clause de non-responsabilit\u00e9, y compris les responsabilit\u00e9s contractuelles, d\u00e9lictuelles et pour manquement \u00e0 une obligation l\u00e9gale.<\/p>\n\n\n\n<p>Tant que le site Web et les informations et services sur le site Web sont fournis gratuitement, nous ne serons pas responsables de toute perte ou dommage de quelque nature que ce soit.<\/p>\n","protected":false},"excerpt":{"rendered":"<p>Bienvenue \u00e0 Bright Inventors! Ces conditions g\u00e9n\u00e9rales d\u00e9crivent les r\u00e8gles et r\u00e9glementations relatives \u00e0 l'utilisation du site Web de Bright Inventors, situ\u00e9 \u00e0 l'adresse https:\/\/brightinventors.org. En acc\u00e9dant \u00e0 ce site Web, nous supposons que vous acceptez ces termes et conditions. Ne continuez pas \u00e0 utiliser Bright Inventors si vous n'acceptez pas toutes les conditions g\u00e9n\u00e9rales [&hellip;]<\/p>\n","protected":false},"author":1,"featured_media":0,"parent":0,"menu_order":0,"comment_status":"closed","ping_status":"closed","template":"","meta":{"_monsterinsights_skip_tracking":false,"_monsterinsights_sitenote_active":false,"_monsterinsights_sitenote_note":"","_monsterinsights_sitenote_category":0},"yoast_head":"<!-- This site is optimized with the Yoast SEO plugin v16.3 - https:\/\/yoast.com\/wordpress\/plugins\/seo\/ -->\n<title>Termes et Conditions - Brightinventors<\/title>\n<meta name=\"robots\" content=\"index, follow, max-snippet:-1, max-image-preview:large, max-video-preview:-1\" \/>\n<link rel=\"canonical\" href=\"https:\/\/www.brightinventors.org\/fr\/termes-et-conditions\/\" \/>\n<meta property=\"og:locale\" content=\"fr_FR\" \/>\n<meta property=\"og:type\" content=\"article\" \/>\n<meta property=\"og:title\" content=\"Termes et Conditions - Brightinventors\" \/>\n<meta property=\"og:description\" content=\"Bienvenue \u00e0 Bright Inventors! Ces conditions g\u00e9n\u00e9rales d\u00e9crivent les r\u00e8gles et r\u00e9glementations relatives \u00e0 l&#039;utilisation du site Web de Bright Inventors, situ\u00e9 \u00e0 l&#039;adresse https:\/\/brightinventors.org. En acc\u00e9dant \u00e0 ce site Web, nous supposons que vous acceptez ces termes et conditions. Ne continuez pas \u00e0 utiliser Bright Inventors si vous n&#039;acceptez pas toutes les conditions g\u00e9n\u00e9rales [&hellip;]\" \/>\n<meta property=\"og:url\" content=\"https:\/\/www.brightinventors.org\/fr\/termes-et-conditions\/\" \/>\n<meta property=\"og:site_name\" content=\"Brightinventors\" \/>\n<meta property=\"article:modified_time\" content=\"2021-04-03T15:32:09+00:00\" \/>\n<meta property=\"og:image\" content=\"https:\/\/www.brightinventors.org\/wp-content\/uploads\/2021\/02\/logo.png\" \/>\n\t<meta property=\"og:image:width\" content=\"2000\" \/>\n\t<meta property=\"og:image:height\" content=\"2000\" \/>\n<meta name=\"twitter:card\" content=\"summary_large_image\" \/>\n<meta name=\"twitter:label1\" content=\"Dur\u00e9e de lecture est.\">\n\t<meta name=\"twitter:data1\" content=\"8 minutes\">\n<script type=\"application\/ld+json\" class=\"yoast-schema-graph\">{\"@context\":\"https:\/\/schema.org\",\"@graph\":[{\"@type\":\"WebSite\",\"@id\":\"https:\/\/www.brightinventors.org\/#website\",\"url\":\"https:\/\/www.brightinventors.org\/\",\"name\":\"Brightinventors\",\"description\":\"When Innovation Shines\",\"potentialAction\":[{\"@type\":\"SearchAction\",\"target\":\"https:\/\/www.brightinventors.org\/?s={search_term_string}\",\"query-input\":\"required name=search_term_string\"}],\"inLanguage\":\"fr-FR\"},{\"@type\":\"WebPage\",\"@id\":\"https:\/\/www.brightinventors.org\/fr\/termes-et-conditions\/#webpage\",\"url\":\"https:\/\/www.brightinventors.org\/fr\/termes-et-conditions\/\",\"name\":\"Termes et Conditions - Brightinventors\",\"isPartOf\":{\"@id\":\"https:\/\/www.brightinventors.org\/#website\"},\"datePublished\":\"2021-03-04T18:33:49+00:00\",\"dateModified\":\"2021-04-03T15:32:09+00:00\",\"breadcrumb\":{\"@id\":\"https:\/\/www.brightinventors.org\/fr\/termes-et-conditions\/#breadcrumb\"},\"inLanguage\":\"fr-FR\",\"potentialAction\":[{\"@type\":\"ReadAction\",\"target\":[\"https:\/\/www.brightinventors.org\/fr\/termes-et-conditions\/\"]}]},{\"@type\":\"BreadcrumbList\",\"@id\":\"https:\/\/www.brightinventors.org\/fr\/termes-et-conditions\/#breadcrumb\",\"itemListElement\":[{\"@type\":\"ListItem\",\"position\":1,\"item\":{\"@type\":\"WebPage\",\"@id\":\"https:\/\/www.brightinventors.org\/fr\/\",\"url\":\"https:\/\/www.brightinventors.org\/fr\/\",\"name\":\"Home\"}},{\"@type\":\"ListItem\",\"position\":2,\"item\":{\"@id\":\"https:\/\/www.brightinventors.org\/fr\/termes-et-conditions\/#webpage\"}}]}]}<\/script>\n<!-- \/ Yoast SEO plugin. -->","_links":{"self":[{"href":"https:\/\/www.brightinventors.org\/fr\/wp-json\/wp\/v2\/pages\/1567"}],"collection":[{"href":"https:\/\/www.brightinventors.org\/fr\/wp-json\/wp\/v2\/pages"}],"about":[{"href":"https:\/\/www.brightinventors.org\/fr\/wp-json\/wp\/v2\/types\/page"}],"author":[{"embeddable":true,"href":"https:\/\/www.brightinventors.org\/fr\/wp-json\/wp\/v2\/users\/1"}],"replies":[{"embeddable":true,"href":"https:\/\/www.brightinventors.org\/fr\/wp-json\/wp\/v2\/comments?post=1567"}],"version-history":[{"count":2,"href":"https:\/\/www.brightinventors.org\/fr\/wp-json\/wp\/v2\/pages\/1567\/revisions"}],"predecessor-version":[{"id":1592,"href":"https:\/\/www.brightinventors.org\/fr\/wp-json\/wp\/v2\/pages\/1567\/revisions\/1592"}],"wp:attachment":[{"href":"https:\/\/www.brightinventors.org\/fr\/wp-json\/wp\/v2\/media?parent=1567"}],"curies":[{"name":"wp","href":"https:\/\/api.w.org\/{rel}","templated":true}]}}