{"id":1560,"date":"2021-03-04T17:48:27","date_gmt":"2021-03-04T17:48:27","guid":{"rendered":"https:\/\/brightinventors.org\/politique-de-confidentialite\/"},"modified":"2021-04-03T15:31:56","modified_gmt":"2021-04-03T15:31:56","slug":"politique-de-confidentialite","status":"publish","type":"page","link":"https:\/\/www.brightinventors.org\/fr\/politique-de-confidentialite\/","title":{"rendered":"Politique de Confidentialit\u00e9"},"content":{"rendered":"\n<h2>Politique de confidentialit\u00e9 pour Bright Inventors<\/h2>\n\n\n\n<p>\u00c0 Bright Inventors, accessible depuis https:\/\/brightinventors.org, l'une de nos principales priorit\u00e9s est la confidentialit\u00e9 de nos visiteurs. Ce document de politique de confidentialit\u00e9 contient des types d'informations collect\u00e9es et enregistr\u00e9es par Bright Inventors et comment nous les utilisons.<\/p>\n\n\n\n<p>Si vous avez des questions suppl\u00e9mentaires ou avez besoin de plus d'informations sur notre politique de confidentialit\u00e9, n'h\u00e9sitez pas \u00e0 nous contacter.<\/p>\n\n\n\n<p>Cette politique de confidentialit\u00e9 s'applique uniquement \u00e0 nos activit\u00e9s en ligne et est valable pour les visiteurs de notre site Web en ce qui concerne les informations qu'ils ont partag\u00e9es et \/ ou collect\u00e9es dans Bright Inventors.<span class=\"VIiyi\" lang=\"fr\"><span class=\"JLqJ4b ChMk0b\" data-language-for-alternatives=\"fr\" data-language-to-translate-into=\"en\" data-phrase-index=\"1\">Cette politique ne s'applique \u00e0 aucune information collect\u00e9e hors ligne ou via des canaux autres que ce site Web.<\/span> <span class=\"JLqJ4b ChMk0b\" data-language-for-alternatives=\"fr\" data-language-to-translate-into=\"en\" data-phrase-index=\"2\">Notre politique de confidentialit\u00e9 a \u00e9t\u00e9 cr\u00e9\u00e9e avec l'aide du g\u00e9n\u00e9rateur gratuit de politique de confidentialit\u00e9.<\/span><\/span><\/p>\n\n\n\n<h3>Consentement<\/h3>\n\n\n\n<p>En utilisant notre site Web, vous consentez par la pr\u00e9sente \u00e0 notre politique de confidentialit\u00e9 et acceptez ses conditions.<\/p>\n\n\n\n<h3>Les informations que nous collectons<\/h3>\n\n\n\n<p>Les informations personnelles que vous \u00eates invit\u00e9 \u00e0 fournir, et les raisons pour lesquelles vous \u00eates invit\u00e9 \u00e0 les fournir, vous seront expliqu\u00e9es clairement au moment o\u00f9 nous vous demandons de fournir vos informations personnelles.<\/p>\n\n\n\n<p>Si vous nous contactez directement, nous pouvons recevoir des informations suppl\u00e9mentaires \u00e0 votre sujet telles que votre nom, votre adresse e-mail, votre num\u00e9ro de t\u00e9l\u00e9phone, le contenu du message et \/ ou des pi\u00e8ces jointes que vous pouvez nous envoyer, ainsi que toute autre information que vous pouvez choisir de fournir.<\/p>\n\n\n\n<p>Lorsque vous vous inscrivez pour un compte, nous pouvons vous demander vos imformations, y compris des \u00e9l\u00e9ments tels que le nom, le nom de l'entreprise, l'adresse, l'adresse e-mail et le num\u00e9ro de t\u00e9l\u00e9phone.<\/p>\n\n\n\n<h3>Comment nous utilisons vos informations<\/h3>\n\n\n\n<p>Nous utilisons les informations que nous collectons de diff\u00e9rentes mani\u00e8res, notamment pour:<\/p>\n\n\n\n<ul><li>Fournir, exploiter et maintenir notre site Web<\/li><li>Am\u00e9liorer , personnaliser et d\u00e9velopper notre site Web<\/li><li>Comprendre et analyser comment vous utilisez notre site Web<\/li><li>D\u00e9velopper de nouveaux produits, services, caract\u00e9ristiques, fonctionnalit\u00e9<\/li><li>Communiquer avec vous, soit directement, soit via l'un de nos partenaires, y compris pour le service client, pour vous fournir des mises \u00e0 jour et autres informations relatives au site Web, et pour le marketing et fins promotionnel\r\n  <\/li><li>Envoyer votre e-mails<\/li><li>Trouver et pr\u00e9venir la fraude<\/li><\/ul>\n\n\n\n<h3>Fichiers journaux<\/h3>\n\n\n\n<p>Bright Inventors suit une norme proc\u00e9dure d'utilisation des fichiers journaux. Ces fichiers journaux pour les visiteurs lorsqu'ils visitent des sites Web. Toutes les soci\u00e9t\u00e9s d'h\u00e9bergement font cela, et font partie de l'analyse des services d'h\u00e9bergement. Les informations collect\u00e9es par les fichiers journaux comprennent les adresses de protocole Internet (IP), le type de navigateur, le fournisseur d'acc\u00e8s Internet (FAI), la date et l'heure timbre r\u00e9f\u00e9rent \/ sortie page et \u00e9ventuellement le nombre de clics, Ceux-ci ne sont li\u00e9s \u00e0 aucune information personnellement identifiable.Le but de ces informations est d'analyser les tendances, d'administrer le site, de suivre les mouvements des utilisateurs sur le site Web et de recueillir des informations d\u00e9mographiques.<\/p>\n\n\n\n<h3>Cookies et balises Web<\/h3>\n\n\n\n<p>Comme tout autre site Web, Bright Inventors utilise des 'cookies'. Ces cookies sont utilis\u00e9s pour stocker des informations, y compris les pr\u00e9f\u00e9rences des visiteurs et les pages du site Web auxquelles le visiteur a acc\u00e9d\u00e9 ou visit\u00e9.Les informations sont utilis\u00e9es pour optimiser l'exp\u00e9rience des utilisateurs en personnalisant le contenu de notre page Web en fonction du type de navigateur des visiteurs et \/ ou d'autres informations.<\/p>\n\n\n\n<p>Pour des informations plus g\u00e9n\u00e9rales sur les cookies, veuillez lire \u00ab<a href=\"https:\/\/www.privacypolicyonline.com\/what-are-cookies\/\" target=\"_blank\" rel=\"noopener\">Que sont les cookies<\/a>\u00bb \u00e0 partir du consentement aux cookies.<\/p>\n\n\n\n<h3>Politiques de confidentialit\u00e9 des partenaires publicitaires<\/h3>\n\n\n\n<p>Vous pouvez consulter cette liste pour trouver la politique de confidentialit\u00e9 de chacun des partenaires publicitaires de Bright Inventors.<\/p>\n\n\n\n<p>Les serveurs publicitaires ou r\u00e9seaux publicitaires tiers utilisent des technologies telles que les cookies, JavaScript ou les balises Web qui sont utilis\u00e9es dans leurs publicit\u00e9s respectives et les liens qui apparaissent sur Bright Inventors, qui sont envoy\u00e9s directement au navigateur des utilisateurs. Ils re\u00e7oivent automatiquement votre adresse IP lorsque cela se produit. Ces technologies sont utilis\u00e9es pour mesurer l'efficacit\u00e9 de leurs campagnes publicitaires et \/ ou pour personnaliser le contenu publicitaire que vous voyez sur les sites Web que vous visitez.<\/p>\n\n\n\n<p>Notez que Bright Inventors n'a aucun acc\u00e8s ni aucun contr\u00f4le sur ces cookies qui sont utilis\u00e9s par des annonceurs tiers.<\/p>\n\n\n\n<h3>Politiques de confidentialit\u00e9 des tiers<\/h3>\n\n\n\n<p>La politique de confidentialit\u00e9 de Bright Inventors ne s'applique pas aux autres annonceurs ou sites Web. Ainsi, nous vous conseillons de consulter les politiques de confidentialit\u00e9 respectives de ces serveurs publicitaires tiers pour des informations plus d\u00e9taill\u00e9es. Il peut inclure leurs pratiques et des instructions sur la fa\u00e7on de refuser certaines options.<\/p>\n\n\n\n<p>Vous pouvez choisir de d\u00e9sactiver les cookies via les options de votre navigateur individuel. Pour obtenir des informations plus d\u00e9taill\u00e9es sur la gestion des cookies avec des navigateurs Web sp\u00e9cifiques, vous pouvez les trouver sur les sites Web respectifs des navigateurs.<\/p>\n\n\n\n<h3>Droits de confidentialit\u00e9 de l'ACCP (ne pas vendre mes informations personnelles)<\/h3>\n\n\n\n<p>En vertu de la CCPA, entre autres droits, les consommateurs californiens ont le droit de:<\/p>\n\n\n\n<p>Demander qu'une entreprise qui recueille les donn\u00e9es personnelles d'un consommateur divulguer les cat\u00e9gories et les \u00e9l\u00e9ments sp\u00e9cifiques de donn\u00e9es personnelles qu'une entreprise a collect\u00e9s sur les consommateurs.<\/p>\n\n\n\n<p>Demander \u00e0 une entreprise de supprimer toutes les donn\u00e9es personnelles sur le consommateur qu'une entreprise a collect\u00e9es.<\/p>\n\n\n\n<p>Demander \u00e0 une entreprise qui vend les donn\u00e9es personnelles d'un consommateur de ne pas vendre les donn\u00e9es personnelles du consommateur.<\/p>\n\n\n\n<p>Si vous faites une demande, nous avons un mois pour vous r\u00e9pondre. Si vous souhaitez exercer l'un de ces droits, veuillez nous contacter.<\/p>\n\n\n\n<h3>Droits de protection des donn\u00e9es GDPR<\/h3>\n\n\n\n<p>Nous souhaitons nous assurer que vous connaissez parfaitement tous vos droits en mati\u00e8re de protection des donn\u00e9es. Chaque utilisateur a droit aux avantages suivants:<\/p>\n\n\n\n<p>Le droit d'acc\u00e8s - Vous avez le droit de demander des copies de vos donn\u00e9es personnelles. Nous pouvons vous facturer des frais minimes pour ce service.<\/p>\n\n\n\n<p>Le droit de rectification - Vous avez le droit de demander que nous corrigions toute information que vous jugez inexacte. Vous avez \u00e9galement le droit de demander que nous compl\u00e9tions les informations que vous estimez incompl\u00e8tes.<\/p>\n\n\n\n<p>The right to erasure \u2013 You have the right to request that we erase your personal data, under certain conditions.<\/p>\n\n\n\n<p>Le droit de restreindre le traitement - Vous avez le droit de demander que nous restreignions le traitement de vos donn\u00e9es personnelles, sous certaines conditions.<\/p>\n\n\n\n<p>Le droit de vous opposer au traitement - Vous avez le droit de vous opposer au traitement de vos donn\u00e9es personnelles, sous certaines conditions.<\/p>\n\n\n\n<p>Le droit \u00e0 la portabilit\u00e9 des donn\u00e9es - Vous avez le droit de demander que nous transf\u00e9rions les donn\u00e9es que nous avons collect\u00e9es \u00e0 une autre organisation, ou directement \u00e0 vous, sous certaines conditions.<\/p>\n\n\n\n<p>Si vous faites une demande, nous avons un mois pour vous r\u00e9pondre. Si vous souhaitez exercer l'un de ces droits, veuillez nous contacter.<\/p>\n\n\n\n<h3>Informations sur les enfants<\/h3>\n\n\n\n<p>Une autre partie de notre priorit\u00e9 consiste \u00e0 prot\u00e9ger les enfants lorsqu'ils utilisent Internet. Nous encourageons les parents et les tuteurs \u00e0 observer, participer et \/ ou surveiller et guider leur activit\u00e9 en ligne.<\/p>\n\n\n\n<p>Bright Inventors ne recueille sciemment aucune information personnelle identifiable d'enfants de moins de 13 ans. Si vous pensez que votre enfant a fourni ce type d'informations sur notre site Web, nous vous encourageons vivement \u00e0 nous contacter imm\u00e9diatement et nous ferons de notre mieux pour supprimer rapidement ces informations de nos archives.<\/p>\n","protected":false},"excerpt":{"rendered":"<p>Politique de confidentialit\u00e9 pour Bright Inventors \u00c0 Bright Inventors, accessible depuis https:\/\/brightinventors.org, l'une de nos principales priorit\u00e9s est la confidentialit\u00e9 de nos visiteurs. Ce document de politique de confidentialit\u00e9 contient des types d'informations collect\u00e9es et enregistr\u00e9es par Bright Inventors et comment nous les utilisons. Si vous avez des questions suppl\u00e9mentaires ou avez besoin de plus [&hellip;]<\/p>\n","protected":false},"author":1,"featured_media":0,"parent":0,"menu_order":0,"comment_status":"closed","ping_status":"closed","template":"","meta":{"_monsterinsights_skip_tracking":false,"_monsterinsights_sitenote_active":false,"_monsterinsights_sitenote_note":"","_monsterinsights_sitenote_category":0},"yoast_head":"<!-- This site is optimized with the Yoast SEO plugin v16.3 - https:\/\/yoast.com\/wordpress\/plugins\/seo\/ -->\n<title>Politique de Confidentialit\u00e9 - Brightinventors<\/title>\n<meta name=\"robots\" content=\"index, follow, max-snippet:-1, max-image-preview:large, max-video-preview:-1\" \/>\n<link rel=\"canonical\" href=\"https:\/\/www.brightinventors.org\/fr\/politique-de-confidentialite\/\" \/>\n<meta property=\"og:locale\" content=\"fr_FR\" \/>\n<meta property=\"og:type\" content=\"article\" \/>\n<meta property=\"og:title\" content=\"Politique de Confidentialit\u00e9 - Brightinventors\" \/>\n<meta property=\"og:description\" content=\"Politique de confidentialit\u00e9 pour Bright Inventors \u00c0 Bright Inventors, accessible depuis https:\/\/brightinventors.org, l&#039;une de nos principales priorit\u00e9s est la confidentialit\u00e9 de nos visiteurs. Ce document de politique de confidentialit\u00e9 contient des types d&#039;informations collect\u00e9es et enregistr\u00e9es par Bright Inventors et comment nous les utilisons. Si vous avez des questions suppl\u00e9mentaires ou avez besoin de plus [&hellip;]\" \/>\n<meta property=\"og:url\" content=\"https:\/\/www.brightinventors.org\/fr\/politique-de-confidentialite\/\" \/>\n<meta property=\"og:site_name\" content=\"Brightinventors\" \/>\n<meta property=\"article:modified_time\" content=\"2021-04-03T15:31:56+00:00\" \/>\n<meta property=\"og:image\" content=\"https:\/\/www.brightinventors.org\/wp-content\/uploads\/2021\/02\/logo.png\" \/>\n\t<meta property=\"og:image:width\" content=\"2000\" \/>\n\t<meta property=\"og:image:height\" content=\"2000\" \/>\n<meta name=\"twitter:card\" content=\"summary_large_image\" \/>\n<meta name=\"twitter:label1\" content=\"Dur\u00e9e de lecture est.\">\n\t<meta name=\"twitter:data1\" content=\"6 minutes\">\n<script type=\"application\/ld+json\" class=\"yoast-schema-graph\">{\"@context\":\"https:\/\/schema.org\",\"@graph\":[{\"@type\":\"WebSite\",\"@id\":\"https:\/\/www.brightinventors.org\/#website\",\"url\":\"https:\/\/www.brightinventors.org\/\",\"name\":\"Brightinventors\",\"description\":\"When Innovation Shines\",\"potentialAction\":[{\"@type\":\"SearchAction\",\"target\":\"https:\/\/www.brightinventors.org\/?s={search_term_string}\",\"query-input\":\"required name=search_term_string\"}],\"inLanguage\":\"fr-FR\"},{\"@type\":\"WebPage\",\"@id\":\"https:\/\/www.brightinventors.org\/fr\/politique-de-confidentialite\/#webpage\",\"url\":\"https:\/\/www.brightinventors.org\/fr\/politique-de-confidentialite\/\",\"name\":\"Politique de Confidentialit\\u00e9 - Brightinventors\",\"isPartOf\":{\"@id\":\"https:\/\/www.brightinventors.org\/#website\"},\"datePublished\":\"2021-03-04T17:48:27+00:00\",\"dateModified\":\"2021-04-03T15:31:56+00:00\",\"breadcrumb\":{\"@id\":\"https:\/\/www.brightinventors.org\/fr\/politique-de-confidentialite\/#breadcrumb\"},\"inLanguage\":\"fr-FR\",\"potentialAction\":[{\"@type\":\"ReadAction\",\"target\":[\"https:\/\/www.brightinventors.org\/fr\/politique-de-confidentialite\/\"]}]},{\"@type\":\"BreadcrumbList\",\"@id\":\"https:\/\/www.brightinventors.org\/fr\/politique-de-confidentialite\/#breadcrumb\",\"itemListElement\":[{\"@type\":\"ListItem\",\"position\":1,\"item\":{\"@type\":\"WebPage\",\"@id\":\"https:\/\/www.brightinventors.org\/fr\/\",\"url\":\"https:\/\/www.brightinventors.org\/fr\/\",\"name\":\"Home\"}},{\"@type\":\"ListItem\",\"position\":2,\"item\":{\"@id\":\"https:\/\/www.brightinventors.org\/fr\/politique-de-confidentialite\/#webpage\"}}]}]}<\/script>\n<!-- \/ Yoast SEO plugin. -->","_links":{"self":[{"href":"https:\/\/www.brightinventors.org\/fr\/wp-json\/wp\/v2\/pages\/1560"}],"collection":[{"href":"https:\/\/www.brightinventors.org\/fr\/wp-json\/wp\/v2\/pages"}],"about":[{"href":"https:\/\/www.brightinventors.org\/fr\/wp-json\/wp\/v2\/types\/page"}],"author":[{"embeddable":true,"href":"https:\/\/www.brightinventors.org\/fr\/wp-json\/wp\/v2\/users\/1"}],"replies":[{"embeddable":true,"href":"https:\/\/www.brightinventors.org\/fr\/wp-json\/wp\/v2\/comments?post=1560"}],"version-history":[{"count":4,"href":"https:\/\/www.brightinventors.org\/fr\/wp-json\/wp\/v2\/pages\/1560\/revisions"}],"predecessor-version":[{"id":1798,"href":"https:\/\/www.brightinventors.org\/fr\/wp-json\/wp\/v2\/pages\/1560\/revisions\/1798"}],"wp:attachment":[{"href":"https:\/\/www.brightinventors.org\/fr\/wp-json\/wp\/v2\/media?parent=1560"}],"curies":[{"name":"wp","href":"https:\/\/api.w.org\/{rel}","templated":true}]}}